{"id":1210,"date":"2021-12-17T17:32:17","date_gmt":"2021-12-17T16:32:17","guid":{"rendered":"https:\/\/pocer.fr\/privacy-policy\/"},"modified":"2026-04-20T17:13:32","modified_gmt":"2026-04-20T15:13:32","slug":"privacy-policy","status":"publish","type":"page","link":"https:\/\/pocer.fr\/en\/privacy-policy\/","title":{"rendered":"Privacy Policy"},"content":{"rendered":"\t\t<div data-elementor-type=\"wp-page\" data-elementor-id=\"1210\" class=\"elementor elementor-1210 elementor-3\" data-elementor-post-type=\"page\">\n\t\t\t\t<div class=\"elementor-element elementor-element-1ea7fcc e-con-full e-flex e-con e-parent\" data-id=\"1ea7fcc\" data-element_type=\"container\" data-e-type=\"container\" data-settings=\"{&quot;background_background&quot;:&quot;classic&quot;}\">\n\t\t<div class=\"elementor-element elementor-element-5f18e6d e-flex e-con-boxed e-con e-child\" data-id=\"5f18e6d\" data-element_type=\"container\" data-e-type=\"container\">\n\t\t\t\t\t<div class=\"e-con-inner\">\n\t\t\t\t<div class=\"elementor-element elementor-element-b863dd1 elementor-widget elementor-widget-heading\" data-id=\"b863dd1\" data-element_type=\"widget\" data-e-type=\"widget\" data-widget_type=\"heading.default\">\n\t\t\t\t<div class=\"elementor-widget-container\">\n\t\t\t\t\t<h1 class=\"elementor-heading-title elementor-size-default\">Privacy Policy <\/h1>\t\t\t\t<\/div>\n\t\t\t\t<\/div>\n\t\t\t\t\t<\/div>\n\t\t\t\t<\/div>\n\t\t\t\t<\/div>\n\t\t<div class=\"elementor-element elementor-element-a366497 e-flex e-con-boxed e-con e-parent\" data-id=\"a366497\" data-element_type=\"container\" data-e-type=\"container\">\n\t\t\t\t\t<div class=\"e-con-inner\">\n\t\t\t\t<div class=\"elementor-element elementor-element-8bbffe0 elementor-widget-tablet__width-inherit elementor-widget elementor-widget-text-editor\" data-id=\"8bbffe0\" data-element_type=\"widget\" data-e-type=\"widget\" data-widget_type=\"text-editor.default\">\n\t\t\t\t<div class=\"elementor-widget-container\">\n\t\t\t\t\t\t\t\t\t<p><strong>ARTICLE 1 \u2013 PERSONAL INFORMATION COLLECTED<\/strong><\/p><p>When you browse our website, we collect the personal information you provide to us, such as your surname, first name, telephone number and e-mail address.<\/p><p>When you browse our website, we also automatically receive the Internet Protocol address (IP address) of your computer, which enables us to obtain more details about the browser and operating system you are using.<\/p><p><strong>ARTICLE 2 \u2013 CONSENT<\/strong><\/p><p>When you provide us with your personal information, we assume that you consent to our collection and use of your information for that specific purpose only.<\/p><p>If we ask you to provide us with your personal information for any other reason, for example for marketing purposes, we will ask you directly for your express consent, or provide you with the opportunity to refuse.<\/p><p>How can I withdraw my consent?<\/p><p>If, after giving your consent, you change your mind and no longer consent to us contacting you, collecting your information, or disclosing it, you can notify us by contacting us at<a href=\"mailto:pocer@chu-bordeaux.fr\"> pocer@chu-bordeaux.fr<\/a><\/p><p><strong>ARTICLE 3 \u2013 DISCLOSURE<\/strong><\/p><p>We may disclose your personal information if we are required to do so by law.<\/p><p><strong>ARTICLE 4 \u2013 THIRD-PARTY SERVICES<\/strong><\/p><p>You may leave our website by clicking on certain links on our site. We are not responsible for the privacy practices of these other sites and recommend that you read their privacy policies carefully.<\/p><p><strong>ARTICLE 5 \u2013 SECURITY<\/strong><\/p><p>We invest significant resources to protect your personal information, from loss, misuse, unauthorised access, modification or disclosure.<\/p><p>We use Google Analytics yo track statistics on our website.<\/p><p><strong>ARTICLE 6 \u2013 AGE OF CONSENT<\/strong><\/p><p>By using this site, you represent that you are at least the age of majority in your state or province of residence, and that you have given us your consent to allow any minor dependent to use this website.<\/p><p><strong>ARTICLE 7 \u2013 CHANGES TO THIS PRIVACY POLICY<\/strong><\/p><p>We reserve the right to change this Privacy Policy at any time, so please review it frequently. Changes and clarifications will take effect immediately upon being posted on the website.<\/p><p>If our website is acquired by or merged with another company, your information may be transferred to the new owners.<\/p><p><strong>QUESTIONS AND CONTACT DETAILS<\/strong><\/p><p>If you would like to access, correct, amend or withdraw any personal information we have about you, lodge a complaint, or if you would simply like more information, please contact the Privacy Officer at : <a href=\"mailto:pocer@chu-bordeaux.fr\">pocer@chu-bordeaux.fr<\/a><\/p>\t\t\t\t\t\t\t\t<\/div>\n\t\t\t\t<\/div>\n\t\t\t\t<div class=\"elementor-element elementor-element-65afc2f elementor-mobile-align-left elementor-tablet-align-left elementor-widget elementor-widget-button\" data-id=\"65afc2f\" data-element_type=\"widget\" data-e-type=\"widget\" data-widget_type=\"button.default\">\n\t\t\t\t<div class=\"elementor-widget-container\">\n\t\t\t\t\t\t\t\t\t<div class=\"elementor-button-wrapper\">\n\t\t\t\t\t<a class=\"elementor-button elementor-button-link elementor-size-sm\" href=\"https:\/\/pocer.fr\/en\/\">\n\t\t\t\t\t\t<span class=\"elementor-button-content-wrapper\">\n\t\t\t\t\t\t<span class=\"elementor-button-icon\">\n\t\t\t\t<i aria-hidden=\"true\" class=\"fas fa-angle-right\"><\/i>\t\t\t<\/span>\n\t\t\t\t\t\t\t\t\t<span class=\"elementor-button-text\">Back to Home Page<\/span>\n\t\t\t\t\t<\/span>\n\t\t\t\t\t<\/a>\n\t\t\t\t<\/div>\n\t\t\t\t\t\t\t\t<\/div>\n\t\t\t\t<\/div>\n\t\t\t\t\t<\/div>\n\t\t\t\t<\/div>\n\t\t\t\t<\/div>\n\t\t","protected":false},"excerpt":{"rendered":"<p>Privacy Policy ARTICLE 1 \u2013 PERSONAL INFORMATION COLLECTED When you browse our website, we collect the personal information you provide to us, such as your surname, first name, telephone number and e-mail address. When you browse our website, we also automatically receive the Internet Protocol address (IP address) of your computer, which enables us to [&hellip;]<\/p>\n","protected":false},"author":2,"featured_media":811,"parent":0,"menu_order":0,"comment_status":"closed","ping_status":"closed","template":"","meta":{"_acf_changed":false,"inline_featured_image":false,"footnotes":""},"class_list":["post-1210","page","type-page","status-publish","has-post-thumbnail","hentry"],"acf":[],"yoast_head":"<!-- This site is optimized with the Yoast SEO plugin v27.4 - https:\/\/yoast.com\/product\/yoast-seo-wordpress\/ -->\n<title>Privacy Policy for POCER&#039;s website<\/title>\n<meta name=\"description\" content=\"Consult the privacy policy for POCER&#039;s website All informations are online.\" \/>\n<meta name=\"robots\" content=\"index, follow, max-snippet:-1, max-image-preview:large, max-video-preview:-1\" \/>\n<link rel=\"canonical\" href=\"https:\/\/pocer.fr\/en\/privacy-policy\/\" \/>\n<meta property=\"og:locale\" content=\"en_US\" \/>\n<meta property=\"og:type\" content=\"article\" \/>\n<meta property=\"og:title\" content=\"Privacy Policy for POCER&#039;s website\" \/>\n<meta property=\"og:description\" content=\"Consult the privacy policy for POCER&#039;s website All informations are online.\" \/>\n<meta property=\"og:url\" content=\"https:\/\/pocer.fr\/en\/privacy-policy\/\" \/>\n<meta property=\"og:site_name\" content=\"Pocer\" \/>\n<meta property=\"article:modified_time\" content=\"2026-04-20T15:13:32+00:00\" \/>\n<meta name=\"twitter:card\" content=\"summary_large_image\" \/>\n<meta name=\"twitter:label1\" content=\"Est. reading time\" \/>\n\t<meta name=\"twitter:data1\" content=\"2 minutes\" \/>\n<script type=\"application\/ld+json\" class=\"yoast-schema-graph\">{\"@context\":\"https:\\\/\\\/schema.org\",\"@graph\":[{\"@type\":\"WebPage\",\"@id\":\"https:\\\/\\\/pocer.fr\\\/en\\\/privacy-policy\\\/\",\"url\":\"https:\\\/\\\/pocer.fr\\\/en\\\/privacy-policy\\\/\",\"name\":\"Privacy Policy for POCER's website\",\"isPartOf\":{\"@id\":\"https:\\\/\\\/pocer.fr\\\/en\\\/#website\"},\"primaryImageOfPage\":{\"@id\":\"https:\\\/\\\/pocer.fr\\\/en\\\/privacy-policy\\\/#primaryimage\"},\"image\":{\"@id\":\"https:\\\/\\\/pocer.fr\\\/en\\\/privacy-policy\\\/#primaryimage\"},\"thumbnailUrl\":\"https:\\\/\\\/pocer.fr\\\/wp-content\\\/uploads\\\/2026\\\/01\\\/favicon-pocer-bordeaux.svg\",\"datePublished\":\"2021-12-17T16:32:17+00:00\",\"dateModified\":\"2026-04-20T15:13:32+00:00\",\"description\":\"Consult the privacy policy for POCER's website All informations are online.\",\"breadcrumb\":{\"@id\":\"https:\\\/\\\/pocer.fr\\\/en\\\/privacy-policy\\\/#breadcrumb\"},\"inLanguage\":\"en-US\",\"potentialAction\":[{\"@type\":\"ReadAction\",\"target\":[\"https:\\\/\\\/pocer.fr\\\/en\\\/privacy-policy\\\/\"]}]},{\"@type\":\"ImageObject\",\"inLanguage\":\"en-US\",\"@id\":\"https:\\\/\\\/pocer.fr\\\/en\\\/privacy-policy\\\/#primaryimage\",\"url\":\"https:\\\/\\\/pocer.fr\\\/wp-content\\\/uploads\\\/2026\\\/01\\\/favicon-pocer-bordeaux.svg\",\"contentUrl\":\"https:\\\/\\\/pocer.fr\\\/wp-content\\\/uploads\\\/2026\\\/01\\\/favicon-pocer-bordeaux.svg\",\"width\":91,\"height\":92,\"caption\":\"Favicon POCER \u00e0 Bordeaux\"},{\"@type\":\"BreadcrumbList\",\"@id\":\"https:\\\/\\\/pocer.fr\\\/en\\\/privacy-policy\\\/#breadcrumb\",\"itemListElement\":[{\"@type\":\"ListItem\",\"position\":1,\"name\":\"Accueil\",\"item\":\"https:\\\/\\\/pocer.fr\\\/en\\\/home\\\/\"},{\"@type\":\"ListItem\",\"position\":2,\"name\":\"Privacy Policy\"}]},{\"@type\":\"WebSite\",\"@id\":\"https:\\\/\\\/pocer.fr\\\/en\\\/#website\",\"url\":\"https:\\\/\\\/pocer.fr\\\/en\\\/\",\"name\":\"Pocer\",\"description\":\"Examens de Biologie M\u00e9dicale D\u00e9localis\u00e9e dans les structures de m\u00e9decine d\u2019urgence.\",\"potentialAction\":[{\"@type\":\"SearchAction\",\"target\":{\"@type\":\"EntryPoint\",\"urlTemplate\":\"https:\\\/\\\/pocer.fr\\\/en\\\/?s={search_term_string}\"},\"query-input\":{\"@type\":\"PropertyValueSpecification\",\"valueRequired\":true,\"valueName\":\"search_term_string\"}}],\"inLanguage\":\"en-US\"}]}<\/script>\n<!-- \/ Yoast SEO plugin. -->","yoast_head_json":{"title":"Privacy Policy for POCER's website","description":"Consult the privacy policy for POCER's website All informations are online.","robots":{"index":"index","follow":"follow","max-snippet":"max-snippet:-1","max-image-preview":"max-image-preview:large","max-video-preview":"max-video-preview:-1"},"canonical":"https:\/\/pocer.fr\/en\/privacy-policy\/","og_locale":"en_US","og_type":"article","og_title":"Privacy Policy for POCER's website","og_description":"Consult the privacy policy for POCER's website All informations are online.","og_url":"https:\/\/pocer.fr\/en\/privacy-policy\/","og_site_name":"Pocer","article_modified_time":"2026-04-20T15:13:32+00:00","twitter_card":"summary_large_image","twitter_misc":{"Est. reading time":"2 minutes"},"schema":{"@context":"https:\/\/schema.org","@graph":[{"@type":"WebPage","@id":"https:\/\/pocer.fr\/en\/privacy-policy\/","url":"https:\/\/pocer.fr\/en\/privacy-policy\/","name":"Privacy Policy for POCER's website","isPartOf":{"@id":"https:\/\/pocer.fr\/en\/#website"},"primaryImageOfPage":{"@id":"https:\/\/pocer.fr\/en\/privacy-policy\/#primaryimage"},"image":{"@id":"https:\/\/pocer.fr\/en\/privacy-policy\/#primaryimage"},"thumbnailUrl":"https:\/\/pocer.fr\/wp-content\/uploads\/2026\/01\/favicon-pocer-bordeaux.svg","datePublished":"2021-12-17T16:32:17+00:00","dateModified":"2026-04-20T15:13:32+00:00","description":"Consult the privacy policy for POCER's website All informations are online.","breadcrumb":{"@id":"https:\/\/pocer.fr\/en\/privacy-policy\/#breadcrumb"},"inLanguage":"en-US","potentialAction":[{"@type":"ReadAction","target":["https:\/\/pocer.fr\/en\/privacy-policy\/"]}]},{"@type":"ImageObject","inLanguage":"en-US","@id":"https:\/\/pocer.fr\/en\/privacy-policy\/#primaryimage","url":"https:\/\/pocer.fr\/wp-content\/uploads\/2026\/01\/favicon-pocer-bordeaux.svg","contentUrl":"https:\/\/pocer.fr\/wp-content\/uploads\/2026\/01\/favicon-pocer-bordeaux.svg","width":91,"height":92,"caption":"Favicon POCER \u00e0 Bordeaux"},{"@type":"BreadcrumbList","@id":"https:\/\/pocer.fr\/en\/privacy-policy\/#breadcrumb","itemListElement":[{"@type":"ListItem","position":1,"name":"Accueil","item":"https:\/\/pocer.fr\/en\/home\/"},{"@type":"ListItem","position":2,"name":"Privacy Policy"}]},{"@type":"WebSite","@id":"https:\/\/pocer.fr\/en\/#website","url":"https:\/\/pocer.fr\/en\/","name":"Pocer","description":"Examens de Biologie M\u00e9dicale D\u00e9localis\u00e9e dans les structures de m\u00e9decine d\u2019urgence.","potentialAction":[{"@type":"SearchAction","target":{"@type":"EntryPoint","urlTemplate":"https:\/\/pocer.fr\/en\/?s={search_term_string}"},"query-input":{"@type":"PropertyValueSpecification","valueRequired":true,"valueName":"search_term_string"}}],"inLanguage":"en-US"}]}},"_links":{"self":[{"href":"https:\/\/pocer.fr\/en\/wp-json\/wp\/v2\/pages\/1210","targetHints":{"allow":["GET"]}}],"collection":[{"href":"https:\/\/pocer.fr\/en\/wp-json\/wp\/v2\/pages"}],"about":[{"href":"https:\/\/pocer.fr\/en\/wp-json\/wp\/v2\/types\/page"}],"author":[{"embeddable":true,"href":"https:\/\/pocer.fr\/en\/wp-json\/wp\/v2\/users\/2"}],"replies":[{"embeddable":true,"href":"https:\/\/pocer.fr\/en\/wp-json\/wp\/v2\/comments?post=1210"}],"version-history":[{"count":1,"href":"https:\/\/pocer.fr\/en\/wp-json\/wp\/v2\/pages\/1210\/revisions"}],"predecessor-version":[{"id":1211,"href":"https:\/\/pocer.fr\/en\/wp-json\/wp\/v2\/pages\/1210\/revisions\/1211"}],"wp:featuredmedia":[{"embeddable":true,"href":"https:\/\/pocer.fr\/en\/wp-json\/wp\/v2\/media\/811"}],"wp:attachment":[{"href":"https:\/\/pocer.fr\/en\/wp-json\/wp\/v2\/media?parent=1210"}],"curies":[{"name":"wp","href":"https:\/\/api.w.org\/{rel}","templated":true}]}}