{"id":1241,"date":"2025-12-10T14:53:38","date_gmt":"2025-12-10T13:53:38","guid":{"rendered":"https:\/\/pocer.fr\/legal-notices\/"},"modified":"2026-04-21T12:35:40","modified_gmt":"2026-04-21T10:35:40","slug":"legal-notices","status":"publish","type":"page","link":"https:\/\/pocer.fr\/en\/legal-notices\/","title":{"rendered":"Legal notices"},"content":{"rendered":"\t\t<div data-elementor-type=\"wp-page\" data-elementor-id=\"1241\" class=\"elementor elementor-1241 elementor-20\" data-elementor-post-type=\"page\">\n\t\t\t\t<div class=\"elementor-element elementor-element-6ce19a7 e-con-full e-flex e-con e-parent\" data-id=\"6ce19a7\" data-element_type=\"container\" data-e-type=\"container\" data-settings=\"{&quot;background_background&quot;:&quot;classic&quot;}\">\n\t\t<div class=\"elementor-element elementor-element-966b495 e-flex e-con-boxed e-con e-child\" data-id=\"966b495\" data-element_type=\"container\" data-e-type=\"container\">\n\t\t\t\t\t<div class=\"e-con-inner\">\n\t\t\t\t<div class=\"elementor-element elementor-element-d452a94 elementor-widget elementor-widget-heading\" data-id=\"d452a94\" data-element_type=\"widget\" data-e-type=\"widget\" data-widget_type=\"heading.default\">\n\t\t\t\t<div class=\"elementor-widget-container\">\n\t\t\t\t\t<h1 class=\"elementor-heading-title elementor-size-default\">Legal notices<\/h1>\t\t\t\t<\/div>\n\t\t\t\t<\/div>\n\t\t\t\t\t<\/div>\n\t\t\t\t<\/div>\n\t\t\t\t<\/div>\n\t\t<div class=\"elementor-element elementor-element-efa6128 e-flex e-con-boxed e-con e-parent\" data-id=\"efa6128\" data-element_type=\"container\" data-e-type=\"container\">\n\t\t\t\t\t<div class=\"e-con-inner\">\n\t\t\t\t<div class=\"elementor-element elementor-element-2f13b10 elementor-widget-tablet__width-inherit elementor-hidden-desktop elementor-hidden-tablet elementor-hidden-mobile elementor-widget elementor-widget-text-editor\" data-id=\"2f13b10\" data-element_type=\"widget\" data-e-type=\"widget\" data-widget_type=\"text-editor.default\">\n\t\t\t\t<div class=\"elementor-widget-container\">\n\t\t\t\t\t\t\t\t\t<p><strong>1 \u2013 IDENTIFICATION<\/strong><\/p><p>Pursuant to <a href=\"https:\/\/www.legifrance.gouv.fr\/loda\/id\/JORFTEXT000000801164#LEGIARTI000042038977\">the French Article 6 of Law No. 2004-575 of 21 June 2004<\/a> on confidence in the digital economy, users of the https:\/\/pocer.fr\/ website are informed of the identity of the parties involved in its creation and maintenance:<\/p><p><strong>Owner :<\/strong><\/p><p><strong>POCER<br><\/strong>CHU de Bordeaux<br>12 rue Dubernat 33404 Talence Cedex<\/p><p><a href=\"mailto:pocer@chu-bordeaux.fr\">pocer@chu-bordeaux.fr<\/a>  <\/p><p>Publication director : Nathalie Terras<\/p><p>Webdesign : <a href=\"https:\/\/www.juud-agence.com\/\" data-wplink-edit=\"true\">JUUD l\u2019agence<\/a><\/p><p>Web development and technical SEO : <a href=\"https:\/\/ideclap.fr\/\" data-wplink-edit=\"true\">Ideclap<\/a><\/p><p>Hosting Provider : <a href=\"https:\/\/hiteo.fr\/\">HITEO<\/a><br>40 Rue Ferrere, 33000 Bordeaux<br>05 35 54 65 06<\/p><p><strong>2 \u2013 GENERAL CONDITIONS OF USE<\/strong><\/p><p>Use of the https:\/\/pocer.fr\/ website implies full acceptance of the terms and conditions of use set out below. These conditions may be modified or supplemented at any time. Users of the https:\/\/pocer.fr\/ website are therefore advised to consult them regularly.  <\/p><p>The https:\/\/pocer.fr\/ website is normally accessible to users at all times. However, POCER may decide to interrupt the site for technical maintenance purposes, in which case it will make reasonable efforts to inform users in advance of the dates and times of such interventions. <\/p><p>The https:\/\/pocer.fr\/ website is updated regularly.<\/p><p><strong>3 \u2013 DESCRIPTION OF SERVICES PROVIDED<\/strong><\/p><p>The purpose of the https:\/\/pocer.fr\/ website is to provide information concerning all POCER activities.<\/p><p>POCER endeavours to provide information on the https:\/\/pocer.fr\/ site that is as accurate as possible. However, it cannot be held liable for omissions, inaccuracies, or shortcomings in updates, whether caused by itself or by third-party partners. <\/p><p>All information provided on the https:\/\/pocer.fr\/ website is given for information purposes only and is subject to change. Furthermore, the information provided on the https:\/\/pocer.fr\/ website is not exhaustive. It is subject to any changes that may have been made since it was first published online.  <\/p><p><strong>4 \u2013 INTELLECTUAL PROPERTY AND INFRINGEMENT<\/strong><\/p><p>POCER is the owner of the intellectual property rights and holds the rights of use on all the elements accessible on the site, in particular the texts, images, graphics, logos, icons, sound, videos, and softwares.<\/p><p>Any reproduction, representation, modification, publication or adaptation of all or part of the elements of the site, by any means or process, is prohibited without prior written permission from POCER.<\/p><p>Any unauthorised use of the site or its content will be considered as constituting an infringement and will be prosecuted in accordance with Articles <a href=\"https:\/\/www.legifrance.gouv.fr\/codes\/article_lc\/LEGIARTI000032655082\/\">L.335-2 et seq. of the French Intellectual Property Code.<\/a>.<\/p><p><strong>5 \u2013 LIMITATIONS OF LIABILITY<\/strong><\/p><p>In no event shall POCER be liable for direct or indirect damage caused to the user\u2019s equipment when accessing the https:\/\/pocer.fr\/ site, including any bugs, incompatibilities, or system failures.<\/p><p>POCER declines all responsibility for the use that may be made of the information and content on https:\/\/pocer.fr\/<\/p><p>POCER will take reasonable steps to ensure the https:\/\/pocer.fr\/ website is secure. However, it shall not be held liable if undesirable data is imported and installed on its website without its knowledge.<\/p><p><strong>6 \u2013 PERSONAL DATA MANAGEMENT<\/strong><\/p><p>In France, personal data is protected notably by <a href=\"https:\/\/www.legifrance.gouv.fr\/loda\/id\/JORFTEXT000000886460\">la loi 78-17 du 6 janvier 1978<\/a>, <a href=\"https:\/\/www.legifrance.gouv.fr\/loda\/id\/JORFTEXT000000441676\/\">la loi n\u00b0 2004-801 du 6 ao\u00fbt 2004<\/a>, <a href=\"https:\/\/www.legifrance.gouv.fr\/codes\/article_lc\/LEGIARTI000006417945\/\">l\u2019article L. 226-13 du Code p\u00e9nal<\/a> et <a href=\"https:\/\/www.legifrance.gouv.fr\/jorf\/id\/JORFTEXT000000697074\/\">la Directive Europ\u00e9enne du 24 octobre 1995<\/a>.<\/p><p>While browsing https:\/\/pocer.fr\/ the following information may be collected: the URLs of referring websites, the user\u2019s access provider, and the user\u2019s IP address.<\/p><p>In any event, POCER only collects personal information relating to the user for the purposes of certain services offered by the https:\/\/pocer.fr\/ website. Users provide this information with full knowledge of the facts, particularly when they enter it themselves. Users of the https:\/\/pocer.fr\/ website are then informed whether or not they are required to provide this information.  <\/p><p>In accordance with French Articles 38 et seq. of Law 78-17 of 6 January 1978 on Data Protection, all users have the right to access, rectify and object to any personal data concerning them, by submitting a written and signed request, accompanied by a copy of the identity document bearing the holder\u2019s signature, specifying the address to which the response should be sent.<\/p><p>No personal information of the user of the https:\/\/pocer.fr\/ site is published without the user\u2019s knowledge, exchanged, transferred or sold to third parties. Only the assumption of the purchase of the POCER activity and its rights would allow the transmission of the said information to the eventual purchaser who would in turn be bound by the same obligation of conservation and modification of the data with respect to the user of the https:\/\/pocer.fr\/ site. <\/p><p>The https:\/\/pocer.fr\/ website has not been declared to the French Data Protection Authority as it does not collect personal information.<\/p><p>Databases are protected by the provisions of the French Law of 1 July 1998 implementing Directive 96\/9 of 11 March 1996 on the legal protection of databases.<\/p><p><strong>7 \u2013 HYPERLINKS AND COOKIES<\/strong><\/p><p>The https:\/\/pocer.fr\/ website contains a number of hyperlinks to other sites, set up with the POCER authorisation. However, POCER is not in a position to check the content of external sites, and shall not be held liable for their content. <\/p><p>Browsing the https:\/\/pocer.fr\/ website may result in the installation of cookies on the user\u2019s device. A cookie is a small file which does not allow the user to be identified, but which records information relating to the browsing of a computer on a site. The data obtained in this way is intended to facilitate subsequent browsing of the site and is also used to measure visitor numbers.  <\/p><p>Refusal to install a cookie may make it impossible to access certain services. However, users can configure their computer as follows to refuse the installation of cookies: <\/p><p>Internet Explorer: Tools tab (wheel-shaped icon at top right) \/ Internet options. Click on Privacy and choose Block all cookies. Confirm with Ok.  <\/p><p>Firefox: at the top of the browser window, click on the Firefox button, then go to the Options tab. Click on the Privacy tab.<br>Set the Retention Rules to: use personalised settings for history. Finally, uncheck it to deactivate cookies.  <\/p><p>Safari: Click on the menu icon (symbolised by a cog) in the top right-hand corner of the browser. Select Settings. Click on Show advanced settings. In the \u2018Privacy section, click on \u2018Content settings\u2019. In the \u2018Cookies\u2019 section, you can block cookies.    <\/p><p>Chrome: Click on the menu icon (symbolised by three horizontal lines) in the top right-hand corner of the browser. Select Settings. Click on Show advanced settings. In the \u2018Privacy section, click on preferences. In the \u2018Privacy tab, you can block cookies.    <\/p><p><strong>8 \u2013 APPLICABLE LAW AND JURISDICTION<\/strong><\/p><p>Any disputes relating to the use of the https:\/\/pocer.fr\/ website are governed by French law. Subject to mandatory legal provisions, exclusive jurisdiction is granted to the competent courts of Bordeaux. <\/p>\t\t\t\t\t\t\t\t<\/div>\n\t\t\t\t<\/div>\n\t\t\t\t<div class=\"elementor-element elementor-element-243ccf9 elementor-widget-tablet__width-inherit elementor-widget elementor-widget-text-editor\" data-id=\"243ccf9\" data-element_type=\"widget\" data-e-type=\"widget\" data-widget_type=\"text-editor.default\">\n\t\t\t\t<div class=\"elementor-widget-container\">\n\t\t\t\t\t\t\t\t\t<p><strong>1. WEBSITE PUBLISHER<\/strong><\/p><p>Pursuant to the French Article 6 of Law No. 2004-575 of 21 June 2004 on confidence in the digital economy, users of the https:\/\/pocer.fr\/ website are informed of the identity of the parties involved in its creation and maintenance:<\/p><p>Owner and website publisher<br><strong>POCER<\/strong><br>CHU de Bordeaux<br>12 rue Dubernat<br>33404 Talence Cedex<br><a href=\"mailto:pocer@chu-bordeaux.fr\">pocer@chu-bordeaux.fr<\/a><\/p><p>Publication director<br>Nathalie Terras<\/p><p>Webdesign<br><a href=\"https:\/\/juud-agence.com\/\" target=\"_blank\" rel=\"noopener\">JUUD l\u2019agence<\/a><\/p><p>Web development and technical SEO<br><a href=\"https:\/\/ideclap.fr\/\" target=\"_blank\" rel=\"noopener\">Ideclap<\/a><\/p><p>Host<br>HITEO<br>40 rue Ferrere \u2013 33000 Bordeaux<br>05 35 54 65 06<\/p><p><strong>2 \u2013 GENERAL CONDITIONS OF USE<\/strong><\/p><p>Use of the https:\/\/pocer.fr\/ website implies full acceptance of the terms and conditions of use set out below.<\/p><p>POCER reserves the right to modify or update these terms and conditions at any time. Users are therefore encouraged to review them regularly. <\/p><p>The site is accessible 24\/7, except for scheduled or unscheduled interruptions, particularly for technical maintenance. POCER will endeavor, whenever possible, to inform users in advance of such interruptions. <\/p><p><strong>3. WEBSITE OBJECT AND LIMITATIONS OF LIABILITY<\/strong><\/p><p>The purpose of the website https:\/\/pocer.fr\/ is to present the activities, missions and news of the POCER network.<\/p><p>POCER strives to provide information that is as accurate as possible. However, the information provided is indicative, not exhaustive, and is subject to change. <\/p><p>POCER cannot be held responsible:<\/p><ul><li>omissions, inaccuracies or deficiencies in the update,<\/li><li>regarding the use made of the information published on the website,<\/li><li>direct or indirect damage caused to the user&#8217;s equipment when accessing the website.<\/li><\/ul><p><strong><br>4. INTELLECTUAL PROPERTY<\/strong><\/p><p>All elements present on the website (texts, images, graphics, logos, icons, videos, software, etc.) are protected by the Intellectual Property Code.<\/p><p>Any unauthorised use of the website or its content will be considered as constituting an infringement and will be prosecuted in accordance with Articles L.335-2 et seq. of the French Intellectual Property Code..<\/p><p><strong>5. DATA TREATMENT MANAGER<\/strong><\/p><p>In accordance with Article 4.7 of the General Data Protection Regulation (GDPR), the Bordeaux University Hospital is designated as the data controller, in its capacity as the coordinating establishment of the POCER project, winner of the France 2030 Call for Projects.<\/p><p>The Bordeaux University Hospital determines the purposes and means of data processing implemented via the site and within the framework of the activities of the POCER network.<\/p><p><strong>6. PERSONAL DATA<\/strong><br>6.1 Collected Data<\/p><p>The following data may be collected when using the website and contact forms:<\/p><ul><li>Name, First Name<\/li><li>Professional contact information (email, phone)<\/li><li>Information regarding project submissions<\/li><\/ul><p>No health data or sensitive data is collected via this site.<\/p><p>Technical data (IP address, connection logs) may also be collected for security and statistical purposes.<\/p><p>6.2 Purposes and legal basis<\/p><p>Data are collected exclusively for the following purposes:<\/p><ul><li>Feasibility and needs analysis of submitted projects,<\/li><li>Connecting with investigators sites,<\/li><li>Coordination and management of the POCER network.<\/li><\/ul><p>The processing is based on the performance of a task carried out in the public interest (Article 6.1.e of the GDPR), given the institutional and scientific nature of the network.<\/p><p>6.3 Data Recipients<\/p><p>Data are exclusively accessible:<\/p><ul><li>to the authorized members of the scientific council,<\/li><li>to the members of the steering committee,<\/li><li>to the POCER network coordination team.<\/li><\/ul><p>Data are not subject to any commercial transfer.<\/p><p>They are hosted by GDPR-compliant service providers, acting as data processors within the meaning of Article 28 of the GDPR.<\/p><p>6.4 Data shelf life<\/p><p>Data are stored:<\/p><ul><li>for a maximum of 2 years from the last contact.<\/li><li>except for legal obligation or necessity related to an ongoing project or partnership (scientific or contractual archiving).<\/li><\/ul><p><br>6.5 Security<\/p><p>POCER implements appropriate technical and organizational measures to ensure the security, confidentiality and integrity of personal data.<\/p><p><strong>7. PERSONAL RIGHTS<\/strong><\/p><p>In accordance with the GDPR and the French Data Protection Act, you have the following rights:<\/p><ul><li>access right,<\/li><li>right of rectification,<\/li><li>right to erasure,<\/li><li>right to restriction of processing,<\/li><li>opposite right, <\/li><li>right to data portability.<\/li><\/ul><p>These rights can be exercised at any time via the website&#8217;s contact form.<\/p><p>In case of persistent disagreement, you can file a complaint with the CNIL: <a href=\"http:\/\/www.cnil.fr\" target=\"_blank\" rel=\"noopener\">www.cnil.fr<\/a><\/p><p><strong>8. COOKIES<\/strong><\/p><p>The website https:\/\/pocer.fr\/ may use cookies that are strictly necessary for its operation and audience measurement.<\/p><p>A cookie is a small file placed on the user&#8217;s terminal, which does not allow for their direct identification.<\/p><p>Users can configure their browser to refuse all or some cookies. However, refusing certain cookies may affect the proper functioning of the website. <\/p><p><strong>9. HYPERLINKS<\/strong><\/p><p>The website may contain links to third-party sites. POCER cannot be held responsible for the content of these external sites. <\/p><p><strong>10. APPLICABLE LAW<\/strong><\/p><p>Any dispute relating to the use of the website https:\/\/pocer.fr\/ is governed by French law.<br>Unless otherwise provided by law, exclusive jurisdiction is granted to the competent courts of Bordeaux.<\/p>\t\t\t\t\t\t\t\t<\/div>\n\t\t\t\t<\/div>\n\t\t\t\t<div class=\"elementor-element elementor-element-38be1a1 elementor-mobile-align-left elementor-tablet-align-left elementor-widget elementor-widget-button\" data-id=\"38be1a1\" data-element_type=\"widget\" data-e-type=\"widget\" data-widget_type=\"button.default\">\n\t\t\t\t<div class=\"elementor-widget-container\">\n\t\t\t\t\t\t\t\t\t<div class=\"elementor-button-wrapper\">\n\t\t\t\t\t<a class=\"elementor-button elementor-button-link elementor-size-sm\" href=\"https:\/\/pocer.fr\/en\/\">\n\t\t\t\t\t\t<span class=\"elementor-button-content-wrapper\">\n\t\t\t\t\t\t<span class=\"elementor-button-icon\">\n\t\t\t\t<i aria-hidden=\"true\" class=\"fas fa-angle-right\"><\/i>\t\t\t<\/span>\n\t\t\t\t\t\t\t\t\t<span class=\"elementor-button-text\">Back to homepage<\/span>\n\t\t\t\t\t<\/span>\n\t\t\t\t\t<\/a>\n\t\t\t\t<\/div>\n\t\t\t\t\t\t\t\t<\/div>\n\t\t\t\t<\/div>\n\t\t\t\t\t<\/div>\n\t\t\t\t<\/div>\n\t\t\t\t<\/div>\n\t\t","protected":false},"excerpt":{"rendered":"<p>Legal notices 1 \u2013 IDENTIFICATION Pursuant to the French Article 6 of Law No. 2004-575 of 21 June 2004 on confidence in the digital economy, users of the https:\/\/pocer.fr\/ website are informed of the identity of the parties involved in its creation and maintenance: Owner : POCERCHU de Bordeaux12 rue Dubernat 33404 Talence Cedex pocer@chu-bordeaux.fr [&hellip;]<\/p>\n","protected":false},"author":2,"featured_media":811,"parent":0,"menu_order":0,"comment_status":"closed","ping_status":"closed","template":"","meta":{"_acf_changed":false,"inline_featured_image":false,"footnotes":""},"class_list":["post-1241","page","type-page","status-publish","has-post-thumbnail","hentry"],"acf":[],"yoast_head":"<!-- This site is optimized with the Yoast SEO plugin v27.4 - https:\/\/yoast.com\/product\/yoast-seo-wordpress\/ -->\n<title>Legal notices for the POCER website<\/title>\n<meta name=\"description\" content=\"Consult the legal notices on the POCER website. We provide you with all the legal information.\" \/>\n<meta name=\"robots\" content=\"index, follow, max-snippet:-1, max-image-preview:large, max-video-preview:-1\" \/>\n<link rel=\"canonical\" href=\"https:\/\/pocer.fr\/en\/legal-notices\/\" \/>\n<meta property=\"og:locale\" content=\"en_US\" \/>\n<meta property=\"og:type\" content=\"article\" \/>\n<meta property=\"og:title\" content=\"Legal notices for the POCER website\" \/>\n<meta property=\"og:description\" content=\"Consult the legal notices on the POCER website. We provide you with all the legal information.\" \/>\n<meta property=\"og:url\" content=\"https:\/\/pocer.fr\/en\/legal-notices\/\" \/>\n<meta property=\"og:site_name\" content=\"Pocer\" \/>\n<meta property=\"article:modified_time\" content=\"2026-04-21T10:35:40+00:00\" \/>\n<meta name=\"twitter:card\" content=\"summary_large_image\" \/>\n<meta name=\"twitter:label1\" content=\"Est. reading time\" \/>\n\t<meta name=\"twitter:data1\" content=\"9 minutes\" \/>\n<script type=\"application\/ld+json\" class=\"yoast-schema-graph\">{\"@context\":\"https:\\\/\\\/schema.org\",\"@graph\":[{\"@type\":\"WebPage\",\"@id\":\"https:\\\/\\\/pocer.fr\\\/en\\\/legal-notices\\\/\",\"url\":\"https:\\\/\\\/pocer.fr\\\/en\\\/legal-notices\\\/\",\"name\":\"Legal notices for the POCER website\",\"isPartOf\":{\"@id\":\"https:\\\/\\\/pocer.fr\\\/en\\\/#website\"},\"primaryImageOfPage\":{\"@id\":\"https:\\\/\\\/pocer.fr\\\/en\\\/legal-notices\\\/#primaryimage\"},\"image\":{\"@id\":\"https:\\\/\\\/pocer.fr\\\/en\\\/legal-notices\\\/#primaryimage\"},\"thumbnailUrl\":\"https:\\\/\\\/pocer.fr\\\/wp-content\\\/uploads\\\/2026\\\/01\\\/favicon-pocer-bordeaux.svg\",\"datePublished\":\"2025-12-10T13:53:38+00:00\",\"dateModified\":\"2026-04-21T10:35:40+00:00\",\"description\":\"Consult the legal notices on the POCER website. We provide you with all the legal information.\",\"breadcrumb\":{\"@id\":\"https:\\\/\\\/pocer.fr\\\/en\\\/legal-notices\\\/#breadcrumb\"},\"inLanguage\":\"en-US\",\"potentialAction\":[{\"@type\":\"ReadAction\",\"target\":[\"https:\\\/\\\/pocer.fr\\\/en\\\/legal-notices\\\/\"]}]},{\"@type\":\"ImageObject\",\"inLanguage\":\"en-US\",\"@id\":\"https:\\\/\\\/pocer.fr\\\/en\\\/legal-notices\\\/#primaryimage\",\"url\":\"https:\\\/\\\/pocer.fr\\\/wp-content\\\/uploads\\\/2026\\\/01\\\/favicon-pocer-bordeaux.svg\",\"contentUrl\":\"https:\\\/\\\/pocer.fr\\\/wp-content\\\/uploads\\\/2026\\\/01\\\/favicon-pocer-bordeaux.svg\",\"width\":91,\"height\":92,\"caption\":\"Favicon POCER \u00e0 Bordeaux\"},{\"@type\":\"BreadcrumbList\",\"@id\":\"https:\\\/\\\/pocer.fr\\\/en\\\/legal-notices\\\/#breadcrumb\",\"itemListElement\":[{\"@type\":\"ListItem\",\"position\":1,\"name\":\"Accueil\",\"item\":\"https:\\\/\\\/pocer.fr\\\/en\\\/home\\\/\"},{\"@type\":\"ListItem\",\"position\":2,\"name\":\"Legal notices\"}]},{\"@type\":\"WebSite\",\"@id\":\"https:\\\/\\\/pocer.fr\\\/en\\\/#website\",\"url\":\"https:\\\/\\\/pocer.fr\\\/en\\\/\",\"name\":\"Pocer\",\"description\":\"Examens de Biologie M\u00e9dicale D\u00e9localis\u00e9e dans les structures de m\u00e9decine d\u2019urgence.\",\"potentialAction\":[{\"@type\":\"SearchAction\",\"target\":{\"@type\":\"EntryPoint\",\"urlTemplate\":\"https:\\\/\\\/pocer.fr\\\/en\\\/?s={search_term_string}\"},\"query-input\":{\"@type\":\"PropertyValueSpecification\",\"valueRequired\":true,\"valueName\":\"search_term_string\"}}],\"inLanguage\":\"en-US\"}]}<\/script>\n<!-- \/ Yoast SEO plugin. -->","yoast_head_json":{"title":"Legal notices for the POCER website","description":"Consult the legal notices on the POCER website. We provide you with all the legal information.","robots":{"index":"index","follow":"follow","max-snippet":"max-snippet:-1","max-image-preview":"max-image-preview:large","max-video-preview":"max-video-preview:-1"},"canonical":"https:\/\/pocer.fr\/en\/legal-notices\/","og_locale":"en_US","og_type":"article","og_title":"Legal notices for the POCER website","og_description":"Consult the legal notices on the POCER website. We provide you with all the legal information.","og_url":"https:\/\/pocer.fr\/en\/legal-notices\/","og_site_name":"Pocer","article_modified_time":"2026-04-21T10:35:40+00:00","twitter_card":"summary_large_image","twitter_misc":{"Est. reading time":"9 minutes"},"schema":{"@context":"https:\/\/schema.org","@graph":[{"@type":"WebPage","@id":"https:\/\/pocer.fr\/en\/legal-notices\/","url":"https:\/\/pocer.fr\/en\/legal-notices\/","name":"Legal notices for the POCER website","isPartOf":{"@id":"https:\/\/pocer.fr\/en\/#website"},"primaryImageOfPage":{"@id":"https:\/\/pocer.fr\/en\/legal-notices\/#primaryimage"},"image":{"@id":"https:\/\/pocer.fr\/en\/legal-notices\/#primaryimage"},"thumbnailUrl":"https:\/\/pocer.fr\/wp-content\/uploads\/2026\/01\/favicon-pocer-bordeaux.svg","datePublished":"2025-12-10T13:53:38+00:00","dateModified":"2026-04-21T10:35:40+00:00","description":"Consult the legal notices on the POCER website. We provide you with all the legal information.","breadcrumb":{"@id":"https:\/\/pocer.fr\/en\/legal-notices\/#breadcrumb"},"inLanguage":"en-US","potentialAction":[{"@type":"ReadAction","target":["https:\/\/pocer.fr\/en\/legal-notices\/"]}]},{"@type":"ImageObject","inLanguage":"en-US","@id":"https:\/\/pocer.fr\/en\/legal-notices\/#primaryimage","url":"https:\/\/pocer.fr\/wp-content\/uploads\/2026\/01\/favicon-pocer-bordeaux.svg","contentUrl":"https:\/\/pocer.fr\/wp-content\/uploads\/2026\/01\/favicon-pocer-bordeaux.svg","width":91,"height":92,"caption":"Favicon POCER \u00e0 Bordeaux"},{"@type":"BreadcrumbList","@id":"https:\/\/pocer.fr\/en\/legal-notices\/#breadcrumb","itemListElement":[{"@type":"ListItem","position":1,"name":"Accueil","item":"https:\/\/pocer.fr\/en\/home\/"},{"@type":"ListItem","position":2,"name":"Legal notices"}]},{"@type":"WebSite","@id":"https:\/\/pocer.fr\/en\/#website","url":"https:\/\/pocer.fr\/en\/","name":"Pocer","description":"Examens de Biologie M\u00e9dicale D\u00e9localis\u00e9e dans les structures de m\u00e9decine d\u2019urgence.","potentialAction":[{"@type":"SearchAction","target":{"@type":"EntryPoint","urlTemplate":"https:\/\/pocer.fr\/en\/?s={search_term_string}"},"query-input":{"@type":"PropertyValueSpecification","valueRequired":true,"valueName":"search_term_string"}}],"inLanguage":"en-US"}]}},"_links":{"self":[{"href":"https:\/\/pocer.fr\/en\/wp-json\/wp\/v2\/pages\/1241","targetHints":{"allow":["GET"]}}],"collection":[{"href":"https:\/\/pocer.fr\/en\/wp-json\/wp\/v2\/pages"}],"about":[{"href":"https:\/\/pocer.fr\/en\/wp-json\/wp\/v2\/types\/page"}],"author":[{"embeddable":true,"href":"https:\/\/pocer.fr\/en\/wp-json\/wp\/v2\/users\/2"}],"replies":[{"embeddable":true,"href":"https:\/\/pocer.fr\/en\/wp-json\/wp\/v2\/comments?post=1241"}],"version-history":[{"count":1,"href":"https:\/\/pocer.fr\/en\/wp-json\/wp\/v2\/pages\/1241\/revisions"}],"predecessor-version":[{"id":1242,"href":"https:\/\/pocer.fr\/en\/wp-json\/wp\/v2\/pages\/1241\/revisions\/1242"}],"wp:featuredmedia":[{"embeddable":true,"href":"https:\/\/pocer.fr\/en\/wp-json\/wp\/v2\/media\/811"}],"wp:attachment":[{"href":"https:\/\/pocer.fr\/en\/wp-json\/wp\/v2\/media?parent=1241"}],"curies":[{"name":"wp","href":"https:\/\/api.w.org\/{rel}","templated":true}]}}